{"id":10259,"date":"2021-08-19T05:01:23","date_gmt":"2021-08-19T05:01:23","guid":{"rendered":"https:\/\/centroeducativocaliforniaac.edu.mx\/?page_id=10259"},"modified":"2024-09-25T21:20:14","modified_gmt":"2024-09-25T21:20:14","slug":"licenciaturas","status":"publish","type":"page","link":"https:\/\/centroeducativocaliforniaac.edu.mx\/index.php\/licenciaturas\/","title":{"rendered":"LICENCIATURAS"},"content":{"rendered":"\t\t<div data-elementor-type=\"wp-page\" data-elementor-id=\"10259\" class=\"elementor elementor-10259\">\n\t\t\t\t\t\t\t\t\t<section class=\"elementor-section elementor-top-section elementor-element elementor-element-28111419 elementor-section-boxed elementor-section-height-default elementor-section-height-default\" data-id=\"28111419\" data-element_type=\"section\">\n\t\t\t\t\t\t<div class=\"elementor-container elementor-column-gap-default\">\n\t\t\t\t\t<div class=\"elementor-column elementor-col-100 elementor-top-column elementor-element elementor-element-2f45080b\" data-id=\"2f45080b\" data-element_type=\"column\">\n\t\t\t<div class=\"elementor-widget-wrap elementor-element-populated\">\n\t\t\t\t\t\t\t\t\t<\/div>\n\t\t<\/div>\n\t\t\t\t\t\t\t<\/div>\n\t\t<\/section>\n\t\t\t\t<section class=\"elementor-section elementor-top-section elementor-element elementor-element-c215a2d elementor-section-boxed elementor-section-height-default elementor-section-height-default\" data-id=\"c215a2d\" data-element_type=\"section\">\n\t\t\t\t\t\t<div class=\"elementor-container elementor-column-gap-default\">\n\t\t\t\t\t<div class=\"elementor-column elementor-col-100 elementor-top-column elementor-element elementor-element-be186f7\" data-id=\"be186f7\" data-element_type=\"column\">\n\t\t\t<div class=\"elementor-widget-wrap elementor-element-populated\">\n\t\t\t\t\t\t\t\t<div class=\"elementor-element elementor-element-db0aa21 elementor-widget elementor-widget-image\" data-id=\"db0aa21\" data-element_type=\"widget\" data-widget_type=\"image.default\">\n\t\t\t\t<div class=\"elementor-widget-container\">\n\t\t\t<style>\/*! elementor - v3.6.1 - 23-03-2022 *\/\n.elementor-widget-image{text-align:center}.elementor-widget-image a{display:inline-block}.elementor-widget-image a img[src$=\".svg\"]{width:48px}.elementor-widget-image img{vertical-align:middle;display:inline-block}<\/style>\t\t\t\t\t\t\t\t\t\t\t\t<img loading=\"lazy\" decoding=\"async\" width=\"796\" height=\"1024\" src=\"https:\/\/centroeducativocaliforniaac.edu.mx\/wp-content\/uploads\/2023\/07\/CRIMINOLOGIA-3-796x1024.png\" class=\"attachment-large size-large\" alt=\"\" \/>\t\t\t\t\t\t\t\t\t\t\t\t\t\t\t<\/div>\n\t\t\t\t<\/div>\n\t\t\t\t\t<\/div>\n\t\t<\/div>\n\t\t\t\t\t\t\t<\/div>\n\t\t<\/section>\n\t\t\t\t<section class=\"elementor-section elementor-top-section elementor-element elementor-element-938ccb1 elementor-section-boxed elementor-section-height-default elementor-section-height-default\" data-id=\"938ccb1\" data-element_type=\"section\">\n\t\t\t\t\t\t<div class=\"elementor-container elementor-column-gap-default\">\n\t\t\t\t\t<div class=\"elementor-column elementor-col-100 elementor-top-column elementor-element elementor-element-06ade0a\" data-id=\"06ade0a\" data-element_type=\"column\">\n\t\t\t<div class=\"elementor-widget-wrap elementor-element-populated\">\n\t\t\t\t\t\t\t\t<div class=\"elementor-element elementor-element-3e1ab85 elementor-widget elementor-widget-image\" data-id=\"3e1ab85\" data-element_type=\"widget\" data-widget_type=\"image.default\">\n\t\t\t\t<div class=\"elementor-widget-container\">\n\t\t\t\t\t\t\t\t\t\t\t\t\t\t\t<img loading=\"lazy\" decoding=\"async\" width=\"796\" height=\"1024\" src=\"https:\/\/centroeducativocaliforniaac.edu.mx\/wp-content\/uploads\/2023\/07\/NEGOCIOS-INTERNACIONALES-796x1024.png\" class=\"attachment-large size-large\" alt=\"\" \/>\t\t\t\t\t\t\t\t\t\t\t\t\t\t\t<\/div>\n\t\t\t\t<\/div>\n\t\t\t\t\t<\/div>\n\t\t<\/div>\n\t\t\t\t\t\t\t<\/div>\n\t\t<\/section>\n\t\t\t\t<section class=\"elementor-section elementor-top-section elementor-element elementor-element-e0ca057 elementor-section-boxed elementor-section-height-default elementor-section-height-default\" data-id=\"e0ca057\" data-element_type=\"section\">\n\t\t\t\t\t\t<div class=\"elementor-container elementor-column-gap-default\">\n\t\t\t\t\t<div class=\"elementor-column elementor-col-100 elementor-top-column elementor-element elementor-element-1aea71c\" data-id=\"1aea71c\" data-element_type=\"column\">\n\t\t\t<div class=\"elementor-widget-wrap elementor-element-populated\">\n\t\t\t\t\t\t\t\t<div class=\"elementor-element elementor-element-8d8f0b0 elementor-widget elementor-widget-image\" data-id=\"8d8f0b0\" data-element_type=\"widget\" data-widget_type=\"image.default\">\n\t\t\t\t<div class=\"elementor-widget-container\">\n\t\t\t\t\t\t\t\t\t\t\t\t\t\t\t<img loading=\"lazy\" decoding=\"async\" width=\"796\" height=\"1024\" src=\"https:\/\/centroeducativocaliforniaac.edu.mx\/wp-content\/uploads\/2023\/07\/CIENCIAS-DE-LA-EDUCACION-796x1024.png\" class=\"attachment-large size-large\" alt=\"\" \/>\t\t\t\t\t\t\t\t\t\t\t\t\t\t\t<\/div>\n\t\t\t\t<\/div>\n\t\t\t\t\t<\/div>\n\t\t<\/div>\n\t\t\t\t\t\t\t<\/div>\n\t\t<\/section>\n\t\t\t\t<section class=\"elementor-section elementor-top-section elementor-element elementor-element-94f21d4 elementor-section-boxed elementor-section-height-default elementor-section-height-default\" data-id=\"94f21d4\" data-element_type=\"section\">\n\t\t\t\t\t\t<div class=\"elementor-container elementor-column-gap-default\">\n\t\t\t\t\t<div class=\"elementor-column elementor-col-100 elementor-top-column elementor-element elementor-element-ebbb6db\" data-id=\"ebbb6db\" data-element_type=\"column\">\n\t\t\t<div class=\"elementor-widget-wrap elementor-element-populated\">\n\t\t\t\t\t\t\t\t<div class=\"elementor-element elementor-element-639e14d elementor-widget elementor-widget-image\" data-id=\"639e14d\" data-element_type=\"widget\" data-widget_type=\"image.default\">\n\t\t\t\t<div class=\"elementor-widget-container\">\n\t\t\t\t\t\t\t\t\t\t\t\t\t\t\t<img loading=\"lazy\" decoding=\"async\" width=\"796\" height=\"1024\" src=\"https:\/\/centroeducativocaliforniaac.edu.mx\/wp-content\/uploads\/2023\/07\/DERECHO-796x1024.png\" class=\"attachment-large size-large\" alt=\"\" \/>\t\t\t\t\t\t\t\t\t\t\t\t\t\t\t<\/div>\n\t\t\t\t<\/div>\n\t\t\t\t\t<\/div>\n\t\t<\/div>\n\t\t\t\t\t\t\t<\/div>\n\t\t<\/section>\n\t\t\t\t\t\t\t<\/div>\n\t\t","protected":false},"excerpt":{"rendered":"<p>Licenciatura en Criminolog\u00edaLicenciatura en Ciencias de la Educaci\u00f3nLicenciatura en DerechoLicenciatura en Administraci\u00f3n y Negocios InternacionalesLicenciatura en Psicolog\u00eda<\/p>\n","protected":false},"author":1,"featured_media":0,"parent":0,"menu_order":0,"comment_status":"closed","ping_status":"closed","template":"","meta":{"_et_pb_use_builder":"on","_et_pb_old_content":"","_et_gb_content_width":"","footnotes":""},"_links":{"self":[{"href":"https:\/\/centroeducativocaliforniaac.edu.mx\/index.php\/wp-json\/wp\/v2\/pages\/10259"}],"collection":[{"href":"https:\/\/centroeducativocaliforniaac.edu.mx\/index.php\/wp-json\/wp\/v2\/pages"}],"about":[{"href":"https:\/\/centroeducativocaliforniaac.edu.mx\/index.php\/wp-json\/wp\/v2\/types\/page"}],"author":[{"embeddable":true,"href":"https:\/\/centroeducativocaliforniaac.edu.mx\/index.php\/wp-json\/wp\/v2\/users\/1"}],"replies":[{"embeddable":true,"href":"https:\/\/centroeducativocaliforniaac.edu.mx\/index.php\/wp-json\/wp\/v2\/comments?post=10259"}],"version-history":[{"count":36,"href":"https:\/\/centroeducativocaliforniaac.edu.mx\/index.php\/wp-json\/wp\/v2\/pages\/10259\/revisions"}],"predecessor-version":[{"id":10836,"href":"https:\/\/centroeducativocaliforniaac.edu.mx\/index.php\/wp-json\/wp\/v2\/pages\/10259\/revisions\/10836"}],"wp:attachment":[{"href":"https:\/\/centroeducativocaliforniaac.edu.mx\/index.php\/wp-json\/wp\/v2\/media?parent=10259"}],"curies":[{"name":"wp","href":"https:\/\/api.w.org\/{rel}","templated":true}]}}